{"id":38,"date":"2016-03-27T22:41:14","date_gmt":"2016-03-27T22:41:14","guid":{"rendered":"http:\/\/middleburyah.wpengine.com\/?page_id=38"},"modified":"2026-04-02T02:53:27","modified_gmt":"2026-04-02T01:53:27","slug":"home","status":"publish","type":"page","link":"https:\/\/gvevets.com\/en\/","title":{"rendered":"Home"},"content":{"rendered":"<p>[et_pb_section fb_built=&#8221;1&#8243; _builder_version=&#8221;4.27.5&#8243; _module_preset=&#8221;default&#8221; background_color=&#8221;#152029&#8243; use_background_color_gradient=&#8221;on&#8221; background_color_gradient_stops=&#8221;#152029 0%|#333333 100%&#8221; background_color_gradient_overlays_image=&#8221;on&#8221; background_image=&#8221;https:\/\/gvevets.com\/wp-content\/uploads\/2025\/05\/Globe-with-Illustrated-Travel-Routes.webp&#8221; parallax=&#8221;on&#8221; background_blend=&#8221;multiply&#8221; custom_padding=&#8221;||140px||false|false&#8221; da_disable_devices=&#8221;off|off|off&#8221; collapsed=&#8221;on&#8221; global_colors_info=&#8221;{}&#8221; da_is_popup=&#8221;off&#8221; da_exit_intent=&#8221;off&#8221; da_has_close=&#8221;on&#8221; da_alt_close=&#8221;off&#8221; da_dark_close=&#8221;off&#8221; da_not_modal=&#8221;on&#8221; da_is_singular=&#8221;off&#8221; da_with_loader=&#8221;off&#8221; da_has_shadow=&#8221;on&#8221;][et_pb_row column_structure=&#8221;3_5,2_5&#8243; make_equal=&#8221;on&#8221; _builder_version=&#8221;4.27.4&#8243; _module_preset=&#8221;default&#8221; global_colors_info=&#8221;{}&#8221;][et_pb_column type=&#8221;3_5&#8243; _builder_version=&#8221;4.27.4&#8243; _module_preset=&#8221;default&#8221; border_color_all=&#8221;#EDEDED&#8221; border_width_right=&#8221;1px&#8221; border_width_right_tablet=&#8221;0px&#8221; border_width_right_phone=&#8221;0px&#8221; border_width_right_last_edited=&#8221;on|tablet&#8221; border_width_bottom_tablet=&#8221;1px&#8221; border_width_bottom_phone=&#8221;1px&#8221; border_width_bottom_last_edited=&#8221;on|tablet&#8221; global_colors_info=&#8221;{}&#8221;][et_pb_text _builder_version=&#8221;4.27.6&#8243; _module_preset=&#8221;default&#8221; header_text_color=&#8221;#FFFFFF&#8221; header_font_size=&#8221;60px&#8221; custom_margin=&#8221;|30px|||false|false&#8221; custom_margin_tablet=&#8221;|0px|15px||false|false&#8221; custom_margin_phone=&#8221;|0px|15px||false|false&#8221; custom_margin_last_edited=&#8221;on|tablet&#8221; header_font_size_tablet=&#8221;45px&#8221; header_font_size_phone=&#8221;39px&#8221; header_font_size_last_edited=&#8221;on|phone&#8221; text_orientation_last_edited=&#8221;off|desktop&#8221; global_colors_info=&#8221;{}&#8221;]<\/p>\n<h1>Welkom bij <span style=\"color: #7ed957;\">Global Veterinary Excellence<\/span><\/h1>\n<p>[\/et_pb_text][\/et_pb_column][et_pb_column type=&#8221;2_5&#8243; _builder_version=&#8221;4.27.4&#8243; _module_preset=&#8221;default&#8221; global_colors_info=&#8221;{}&#8221;][et_pb_text _builder_version=&#8221;4.27.6&#8243; _module_preset=&#8221;default&#8221; text_text_color=&#8221;#FFFFFF&#8221; header_2_text_color=&#8221;#FFFFFF&#8221; header_5_font=&#8221;&#8211;et_global_heading_font|500||on|||||&#8221; header_5_text_color=&#8221;#FFFFFF&#8221; header_5_font_size=&#8221;21px&#8221; header_5_line_height=&#8221;1.2em&#8221; header_5_font_size_tablet=&#8221;18px&#8221; header_5_font_size_phone=&#8221;18px&#8221; header_5_font_size_last_edited=&#8221;on|desktop&#8221; text_orientation_last_edited=&#8221;off|desktop&#8221; global_colors_info=&#8221;{}&#8221;]<\/p>\n<h5>Een netwerk van dierenartsenpraktijken met hart voor dier \u00e9n mens<\/h5>\n<p>Bij GVE draait alles om hoogwaardige veterinaire zorg. Wij zijn een netwerk van dierenartspraktijken dat altijd streeft naar de best mogelijke zorg voor elk individueel dier, iedere dag opnieuw. Tegelijkertijd doen we er alles aan om een organisatie te zijn waar mensen met plezier werken, zich kunnen ontwikkelen \u00e9n echt het verschil kunnen maken.<\/p>\n<p>Door zorg voor onze dieren \u00e9n onze teams centraal te stellen, bouwen we samen aan praktijken waar onze collega\u2019s met plezier werken en jouw huisdier de zorg krijgt die het verdient.<\/p>\n<p>[\/et_pb_text][et_pb_button button_url=&#8221;@ET-DC@eyJkeW5hbWljIjp0cnVlLCJjb250ZW50IjoicG9zdF9saW5rX3VybF9wYWdlIiwic2V0dGluZ3MiOnsicG9zdF9pZCI6IjQ4MzkifX0=@&#8221; button_text=&#8221;Lees alles over GVE&#8221; _builder_version=&#8221;4.27.6&#8243; _dynamic_attributes=&#8221;button_url&#8221; _module_preset=&#8221;default&#8221; custom_button=&#8221;on&#8221; button_text_color=&#8221;#7ED957&#8243; button_bg_color=&#8221;RGBA(255,255,255,0)&#8221; button_border_width=&#8221;0px&#8221; button_icon=&#8221;&#x24;||divi||400&#8243; button_on_hover=&#8221;off&#8221; custom_padding=&#8221;0px|0px|0px|0px|true|true&#8221; locked=&#8221;off&#8221; global_colors_info=&#8221;{}&#8221; button_text_color__hover=&#8221;#FFFFFF&#8221; button_text_color__hover_enabled=&#8221;on|desktop&#8221; button_bg_color__hover=&#8221;RGBA(255,255,255,0)&#8221; button_bg_color__hover_enabled=&#8221;on|desktop&#8221;][\/et_pb_button][\/et_pb_column][\/et_pb_row][\/et_pb_section][et_pb_section fb_built=&#8221;1&#8243; _builder_version=&#8221;4.27.5&#8243; _module_preset=&#8221;default&#8221; background_color=&#8221;RGBA(255,255,255,0)&#8221; z_index=&#8221;10&#8243; custom_margin=&#8221;-110px||||false|false&#8221; custom_padding=&#8221;0px||0px||true|false&#8221; da_disable_devices=&#8221;off|off|off&#8221; collapsed=&#8221;on&#8221; global_colors_info=&#8221;{}&#8221; da_is_popup=&#8221;off&#8221; da_exit_intent=&#8221;off&#8221; da_has_close=&#8221;on&#8221; da_alt_close=&#8221;off&#8221; da_dark_close=&#8221;off&#8221; da_not_modal=&#8221;on&#8221; da_is_singular=&#8221;off&#8221; da_with_loader=&#8221;off&#8221; da_has_shadow=&#8221;on&#8221;][et_pb_row _builder_version=&#8221;4.27.4&#8243; _module_preset=&#8221;default&#8221; custom_padding=&#8221;0px||0px||true|false&#8221; global_colors_info=&#8221;{}&#8221;][et_pb_column type=&#8221;4_4&#8243; _builder_version=&#8221;4.27.4&#8243; _module_preset=&#8221;default&#8221; global_colors_info=&#8221;{}&#8221;][dsm_image_carousel gallery_ids=&#8221;261121,260961,261122,261204&#8243; slide_to_show=&#8221;1&#8243; speed=&#8221;0&#8243; autoplay_speed=&#8221;4500&#8243; space_between=&#8221;0&#8243; arrows=&#8221;off&#8221; dots=&#8221;off&#8221; grab=&#8221;off&#8221; _builder_version=&#8221;4.27.5&#8243; _module_preset=&#8221;default&#8221; custom_margin=&#8221;0px||0px||true|false&#8221; custom_padding=&#8221;0px||0px||true|false&#8221; border_radii_image=&#8221;on|15px|15px|15px|15px&#8221; global_colors_info=&#8221;{}&#8221;][\/dsm_image_carousel][\/et_pb_column][\/et_pb_row][\/et_pb_section][et_pb_section fb_built=&#8221;1&#8243; _builder_version=&#8221;4.27.5&#8243; _module_preset=&#8221;default&#8221; background_color=&#8221;#EDEDED&#8221; custom_padding=&#8221;0px||||false|false&#8221; da_disable_devices=&#8221;off|off|off&#8221; collapsed=&#8221;on&#8221; global_colors_info=&#8221;{}&#8221; da_is_popup=&#8221;off&#8221; da_exit_intent=&#8221;off&#8221; da_has_close=&#8221;on&#8221; da_alt_close=&#8221;off&#8221; da_dark_close=&#8221;off&#8221; da_not_modal=&#8221;on&#8221; da_is_singular=&#8221;off&#8221; da_with_loader=&#8221;off&#8221; da_has_shadow=&#8221;on&#8221;][et_pb_row column_structure=&#8221;1_2,1_2&#8243; make_equal=&#8221;on&#8221; custom_padding_last_edited=&#8221;on|desktop&#8221; _builder_version=&#8221;4.27.5&#8243; _module_preset=&#8221;default&#8221; custom_padding=&#8221;60px||||false|false&#8221; custom_padding_tablet=&#8221;||0px||false|false&#8221; custom_padding_phone=&#8221;||0px||false|false&#8221; custom_css_main_element=&#8221;align-items:center;&#8221; global_colors_info=&#8221;{}&#8221; custom_css_main_element_last_edited=&#8221;on|tablet&#8221; custom_css_main_element_tablet=&#8221;display: flex;||flex-direction: column-reverse;&#8221; custom_css_main_element_phone=&#8221;display: flex;||flex-direction: column-reverse;&#8221;][et_pb_column type=&#8221;1_2&#8243; _builder_version=&#8221;4.27.5&#8243; _module_preset=&#8221;default&#8221; background_image=&#8221;https:\/\/gvevets.com\/wp-content\/uploads\/2025\/08\/Equine-Physical-Therapy-Evaluation.webp&#8221; border_radii=&#8221;on|15px|15px|15px|15px&#8221; box_shadow_style=&#8221;preset4&#8243; box_shadow_horizontal=&#8221;12px&#8221; box_shadow_vertical=&#8221;12px&#8221; box_shadow_color=&#8221;#1A6100&#8243; global_colors_info=&#8221;{}&#8221;][et_pb_divider show_divider=&#8221;off&#8221; _builder_version=&#8221;4.27.5&#8243; _module_preset=&#8221;default&#8221; height=&#8221;60vh&#8221; height_tablet=&#8221;45vh&#8221; height_phone=&#8221;30vh&#8221; height_last_edited=&#8221;on|phone&#8221; global_colors_info=&#8221;{}&#8221;][\/et_pb_divider][\/et_pb_column][et_pb_column type=&#8221;1_2&#8243; _builder_version=&#8221;4.27.4&#8243; _module_preset=&#8221;default&#8221; global_colors_info=&#8221;{}&#8221;][et_pb_text _builder_version=&#8221;4.27.6&#8243; _module_preset=&#8221;default&#8221; global_colors_info=&#8221;{}&#8221;]<\/p>\n<h2>Kom werken bij GVE<\/h2>\n<p>Sluit je aan bij ons netwerk waar goede veterinaire zorg begint bij de mensen die het mogelijk maken.<\/p>\n<p>Bij GVE cre\u00ebren we een werkplek gebaseerd op samenwerking, vertrouwen en klinische expertise. Hier kun je groeien in je carri\u00e8re \u00e9n elke dag het verschil maken voor dieren, hun eigenaren en je collega\u2019s.<\/p>\n<p>Of je nu net bent afgestudeerd of al veel ervaring hebt, bij ons krijg je de ruimte om te groeien, en de ondersteuning om het beste uit jezelf te halen in een werkomgeving waarin mensen \u00e9n dieren altijd op de eerste plaats komen.<\/p>\n<p>[\/et_pb_text][et_pb_button button_url=&#8221;@ET-DC@eyJkeW5hbWljIjp0cnVlLCJjb250ZW50IjoicG9zdF9saW5rX3VybF9wYWdlIiwic2V0dGluZ3MiOnsicG9zdF9pZCI6IjQ5MzEifX0=@&#8221; button_text=&#8221;Bekijk onze actuele vacatures&#8221; _builder_version=&#8221;4.27.6&#8243; _dynamic_attributes=&#8221;button_url&#8221; _module_preset=&#8221;default&#8221; custom_button=&#8221;on&#8221; button_text_color=&#8221;#1A6100&#8243; button_bg_color=&#8221;RGBA(255,255,255,0)&#8221; button_border_width=&#8221;0px&#8221; button_icon=&#8221;&#x24;||divi||400&#8243; button_on_hover=&#8221;off&#8221; custom_margin=&#8221;||||false|false&#8221; custom_margin_tablet=&#8221;||30px||false|false&#8221; custom_margin_phone=&#8221;||30px||false|false&#8221; custom_margin_last_edited=&#8221;on|tablet&#8221; custom_padding=&#8221;0px|0px|0px|0px|true|true&#8221; locked=&#8221;off&#8221; global_colors_info=&#8221;{}&#8221; button_text_color__hover=&#8221;#333333&#8243; button_text_color__hover_enabled=&#8221;on|desktop&#8221; button_bg_color__hover=&#8221;RGBA(255,255,255,0)&#8221; button_bg_color__hover_enabled=&#8221;on|desktop&#8221;][\/et_pb_button][\/et_pb_column][\/et_pb_row][\/et_pb_section][et_pb_section fb_built=&#8221;1&#8243; _builder_version=&#8221;4.27.5&#8243; _module_preset=&#8221;default&#8221; background_color=&#8221;#FFFFFF&#8221; da_disable_devices=&#8221;off|off|off&#8221; collapsed=&#8221;on&#8221; global_colors_info=&#8221;{}&#8221; da_is_popup=&#8221;off&#8221; da_exit_intent=&#8221;off&#8221; da_has_close=&#8221;on&#8221; da_alt_close=&#8221;off&#8221; da_dark_close=&#8221;off&#8221; da_not_modal=&#8221;on&#8221; da_is_singular=&#8221;off&#8221; da_with_loader=&#8221;off&#8221; da_has_shadow=&#8221;on&#8221;][et_pb_row column_structure=&#8221;1_2,1_2&#8243; make_equal=&#8221;on&#8221; _builder_version=&#8221;4.27.5&#8243; _module_preset=&#8221;default&#8221; custom_css_main_element=&#8221;align-items:center;&#8221; global_colors_info=&#8221;{}&#8221;][et_pb_column type=&#8221;1_2&#8243; _builder_version=&#8221;4.27.4&#8243; _module_preset=&#8221;default&#8221; global_colors_info=&#8221;{}&#8221;][et_pb_text _builder_version=&#8221;4.27.6&#8243; _module_preset=&#8221;default&#8221; header_2_font=&#8221;|||on|||||&#8221; global_colors_info=&#8221;{}&#8221;]<\/p>\n<h2>Maak elke dag het verschil voor je pati\u00ebnten, je collega\u2019s \u00e9n jezelf.<\/h2>\n<p>Als je jouw dierenkliniek aansluit bij GVE kies je voor het beste voor je team, je pati\u00ebnten en hun eigenaren. Je wordt onderdeel van een sterk veterinair netwerk dat staat voor kwaliteit en zorg, nu en in toekomst.<\/p>\n<p>We zorgen goed voor onze mensen: we willen de beste werkgever in de sector zijn en een plek cre\u00ebren waar veterinaire professionals graag werken. We werken met gezamenlijke klinische standaarden en delen kennis, faciliteiten en expertise.<\/p>\n<p>In alles staan dier en eigenaar centraal waarbij we in ons advies en behandelplan rekening houden met de omstandigheden en leefsituatie waarin zij zich bevinden. Dit is de zorg op maat waar wij voor staan en diereigenaren van ons mogen verwachten.<\/p>\n<p>GVE: een netwerk waar we elke dag samen het verschil maken.<\/p>\n<p>[\/et_pb_text][et_pb_button button_url=&#8221;@ET-DC@eyJkeW5hbWljIjp0cnVlLCJjb250ZW50IjoicG9zdF9saW5rX3VybF9wYWdlIiwic2V0dGluZ3MiOnsicG9zdF9pZCI6IjQyIn19@&#8221; button_text=&#8221;Sluit bij ons aan&#8221; _builder_version=&#8221;4.27.6&#8243; _dynamic_attributes=&#8221;button_url&#8221; _module_preset=&#8221;default&#8221; custom_button=&#8221;on&#8221; button_text_color=&#8221;#1A6100&#8243; button_bg_color=&#8221;RGBA(255,255,255,0)&#8221; button_border_width=&#8221;0px&#8221; button_icon=&#8221;&#x24;||divi||400&#8243; button_on_hover=&#8221;off&#8221; custom_padding=&#8221;0px|0px|0px|0px|true|true&#8221; locked=&#8221;off&#8221; global_colors_info=&#8221;{}&#8221; button_text_color__hover=&#8221;#333333&#8243; button_text_color__hover_enabled=&#8221;on|desktop&#8221; button_bg_color__hover=&#8221;RGBA(255,255,255,0)&#8221; button_bg_color__hover_enabled=&#8221;on|desktop&#8221;][\/et_pb_button][\/et_pb_column][et_pb_column type=&#8221;1_2&#8243; _builder_version=&#8221;4.27.4&#8243; _module_preset=&#8221;default&#8221; background_image=&#8221;https:\/\/gvevets.com\/wp-content\/uploads\/2025\/08\/Vet-Examining-Medium-Sized-Red-Dog.webp&#8221; background_last_edited=&#8221;on|phone&#8221; background_position_tablet=&#8221;center&#8221; border_radii=&#8221;on|15px|15px|15px|15px&#8221; box_shadow_style=&#8221;preset4&#8243; box_shadow_horizontal=&#8221;12px&#8221; box_shadow_vertical=&#8221;12px&#8221; box_shadow_color=&#8221;#1A6100&#8243; global_colors_info=&#8221;{}&#8221;][et_pb_divider show_divider=&#8221;off&#8221; _builder_version=&#8221;4.27.4&#8243; _module_preset=&#8221;default&#8221; height=&#8221;87vh&#8221; height_tablet=&#8221;45vh&#8221; height_phone=&#8221;30vh&#8221; height_last_edited=&#8221;on|phone&#8221; global_colors_info=&#8221;{}&#8221;][\/et_pb_divider][\/et_pb_column][\/et_pb_row][\/et_pb_section][et_pb_section fb_built=&#8221;1&#8243; _builder_version=&#8221;4.27.4&#8243; _module_preset=&#8221;default&#8221; background_color=&#8221;#152029&#8243; use_background_color_gradient=&#8221;on&#8221; background_color_gradient_stops=&#8221;#152029 0%|#333333 100%&#8221; background_color_gradient_overlays_image=&#8221;on&#8221; background_image=&#8221;https:\/\/gvevets.com\/wp-content\/uploads\/2025\/05\/Globe-with-Illustrated-Travel-Routes.webp&#8221; parallax=&#8221;on&#8221; background_blend=&#8221;multiply&#8221; da_disable_devices=&#8221;off|off|off&#8221; collapsed=&#8221;on&#8221; global_colors_info=&#8221;{}&#8221; da_is_popup=&#8221;off&#8221; da_exit_intent=&#8221;off&#8221; da_has_close=&#8221;on&#8221; da_alt_close=&#8221;off&#8221; da_dark_close=&#8221;off&#8221; da_not_modal=&#8221;on&#8221; da_is_singular=&#8221;off&#8221; da_with_loader=&#8221;off&#8221; da_has_shadow=&#8221;on&#8221;][et_pb_row _builder_version=&#8221;4.27.4&#8243; _module_preset=&#8221;default&#8221; max_width=&#8221;900px&#8221; module_alignment=&#8221;center&#8221; global_colors_info=&#8221;{}&#8221;][et_pb_column type=&#8221;4_4&#8243; _builder_version=&#8221;4.27.4&#8243; _module_preset=&#8221;default&#8221; global_colors_info=&#8221;{}&#8221;][et_pb_text _builder_version=&#8221;4.27.6&#8243; _module_preset=&#8221;default&#8221; text_text_color=&#8221;#FFFFFF&#8221; header_2_font=&#8221;|||on|||||&#8221; header_2_text_color=&#8221;#FFFFFF&#8221; text_orientation=&#8221;center&#8221; text_orientation_tablet=&#8221;left&#8221; text_orientation_phone=&#8221;left&#8221; text_orientation_last_edited=&#8221;on|phone&#8221; global_colors_info=&#8221;{}&#8221;]<\/p>\n<h2>Waarom met je dier naar een GVE Vets-kliniek?<\/h2>\n<p>Bij GVE Vets staat het welzijn van jouw dier(en) voorop. We behandelen elk dier met liefde, zorg en aandacht waarbij jullie centraal staan. We bewaken ook actief de kwaliteit van onze zorg en houden in ons advies en behandelplan rekening met de omstandigheden waarin jullie je bevinden. Wij staan voor zorg op maat.<\/p>\n<p>Daarnaast zorgen we goed voor onze medewerkers. We geloven dat betrokken, tevreden collega\u2019s bijdragen aan de beste zorg. Zo kun je erop vertrouwen dat je dier in deskundige handen is.<\/p>\n<p>[\/et_pb_text][et_pb_button button_url=&#8221;@ET-DC@eyJkeW5hbWljIjp0cnVlLCJjb250ZW50IjoicG9zdF9saW5rX3VybF9wYWdlIiwic2V0dGluZ3MiOnsicG9zdF9pZCI6IjI2MDc5MyJ9fQ==@&#8221; button_text=&#8221;Lees meer over onze klinieken&#8221; button_alignment=&#8221;center&#8221; button_alignment_tablet=&#8221;left&#8221; button_alignment_phone=&#8221;left&#8221; button_alignment_last_edited=&#8221;on|phone&#8221; _builder_version=&#8221;4.27.6&#8243; _dynamic_attributes=&#8221;button_url&#8221; _module_preset=&#8221;default&#8221; custom_button=&#8221;on&#8221; button_text_color=&#8221;#7ED957&#8243; button_bg_color=&#8221;RGBA(255,255,255,0)&#8221; button_border_width=&#8221;0px&#8221; button_icon=&#8221;&#x24;||divi||400&#8243; button_on_hover=&#8221;off&#8221; custom_padding=&#8221;0px|0px|0px|0px|true|true&#8221; global_colors_info=&#8221;{}&#8221; button_text_color__hover=&#8221;#FFFFFF&#8221; button_text_color__hover_enabled=&#8221;on|desktop&#8221; button_bg_color__hover=&#8221;RGBA(255,255,255,0)&#8221; button_bg_color__hover_enabled=&#8221;on|desktop&#8221;][\/et_pb_button][\/et_pb_column][\/et_pb_row][\/et_pb_section]<\/p>\n","protected":false},"excerpt":{"rendered":"<p>Welkom bij Global Veterinary ExcellenceEen netwerk van dierenartsenpraktijken met hart voor dier \u00e9n mens Bij GVE draait alles om hoogwaardige veterinaire zorg. Wij zijn een netwerk van dierenartspraktijken dat altijd streeft naar de best mogelijke zorg voor elk individueel dier, iedere dag opnieuw. Tegelijkertijd doen we er alles aan om een organisatie te zijn waar mensen met plezier werken, zich kunnen ontwikkelen \u00e9n echt het verschil kunnen maken. Door zorg voor onze dieren \u00e9n onze teams centraal te stellen, bouwen we samen aan praktijken waar onze collega\u2019s met plezier werken en jouw huisdier de zorg krijgt die het verdient.<div class=\"et_pb_module dsm_image_carousel dsm_image_carousel_0 dsm_image_carousel_arrow_outside dsm_image_carousel_arrow_mobile_inside \">\n\t\t\t\t\n\t\t\t\t\n\t\t\t\t\n\t\t\t\t\n\t\t\t\t\n\t\t\t\t\n\t\t\t\t<div class=\"et_pb_module_inner\">\n\t\t\t\t\t<div class=\"swiper-container dsm_image_carousel_container  dsm_image_carousel_carousel\" dir=\"ltr\"data-effect=\"default\"\n\t\t\tdata-slider-effect-shadows=\"false\"\n\t\t\tdata-slider-effect-coverflow-rotate=\"30\"\n\t\t\tdata-slider-effect-coverflow-depth=\"0\"\n\t\t\tdata-loop=\"true\"\n\t\t\tdata-slide-to-show=\"1\"\n\t\t\tdata-slide-to-show-tablet=\"1\"\n\t\t\tdata-slide-to-show-phone=\"1\"\n\t\t\tdata-slide-to-scroll=\"1\"\n\t\t\tdata-slide-to-scroll-tablet=\"1\"\n\t\t\tdata-slide-to-scroll-phone=\"1\"\n\t\t\tdata-space-between=\"0\"\n\t\t\tdata-space-between-tablet=\"0\"\n\t\t\tdata-space-between-phone=\"0\"\n\t\t\tdata-slide-row=\"1\"\n\t\t\tdata-centered-slides=\"false\"\n\t\t\tdata-speed=\"0\"\n\t\t\tdata-autoplay=\"true\"\n\t\t\tdata-autoplay-speed=\"4500\"\n\t\t\tdata-touch-move=\"true\"\n\t\t\tdata-grab=\"false\"\n\t\t\tdata-pause-on-hover=\"false\"\n\t\t\tdata-show-lightbox=\"false\"\n\t\t\tdata-lightbox-gallery=\"false\"\n\t\t\tdata-lightbox-caption=\"false\"\n\t\t\tdata-infinite-scrolling=\"false\"\n\t\t\tdata-slide-row-tablet=\"1\"\n\t\t\tdata-slide-row-phone=\"1\"\n\t\t\tdata-autoplay-viewport=80%\n\t\t\tdata-mousewheel=\"false\"\n\t\t\tdata-lazyload=\"false\"\n\t\t\tdata-type=\"carousel\"\n\t\t\tdata-slideshow-effect=\"default\"\n\t\t\tdata-slideshow-to-show=\"4\"\n\t\t\tdata-slideshow-to-show-tablet=\"4\"\n\t\t\tdata-slideshow-to-show-phone=\"\"\n\t\t\tdata-slider-orientation=\"horizontal\"\n\t\t\t\t\t\tdata-lightbox-title=\"false\"\n\n\t\t\t><div class=\"swiper-wrapper\"><div class=\"swiper-slide dsm_image_carousel_item\"><img decoding=\"async\" src=\"https:\/\/gvevets.com\/wp-content\/uploads\/2025\/10\/Cat-Ultrasound-Examination.webp\" alt=\"Veterinary team performing an ultrasound on a fluffy cat in a modern exam room.\" title=\"Cat Ultrasound Examination\" width=\"1920\" height=\"1080\" data-dsm-image-description=\"\" srcset=\"https:\/\/gvevets.com\/wp-content\/uploads\/2025\/10\/Cat-Ultrasound-Examination.webp 1920w, https:\/\/gvevets.com\/wp-content\/uploads\/2025\/10\/Cat-Ultrasound-Examination-1280x720.webp 1280w, https:\/\/gvevets.com\/wp-content\/uploads\/2025\/10\/Cat-Ultrasound-Examination-980x551.webp 980w, https:\/\/gvevets.com\/wp-content\/uploads\/2025\/10\/Cat-Ultrasound-Examination-480x270.webp 480w\" sizes=\"(min-width: 0px) and (max-width: 480px) 480px, (min-width: 481px) and (max-width: 980px) 980px, (min-width: 981px) and (max-width: 1280px) 1280px, (min-width: 1281px) 1920px, 100vw\" class=\" skip-lazy\" \/><\/div><div class=\"swiper-slide dsm_image_carousel_item\"><img decoding=\"async\" src=\"https:\/\/gvevets.com\/wp-content\/uploads\/2025\/08\/Vet-Inspecting-Dogs-Paw-During-Exam.webp\" alt=\"A veterinarian in a navy uniform gently examining the paw of a Labrador retriever sitting on an exam table in a bright and modern veterinary clinic.\" title=\"Vet Inspecting Dog\u2019s Paw During Exam\" width=\"1920\" height=\"1080\" data-dsm-image-description=\"\" srcset=\"https:\/\/gvevets.com\/wp-content\/uploads\/2025\/08\/Vet-Inspecting-Dogs-Paw-During-Exam.webp 1920w, https:\/\/gvevets.com\/wp-content\/uploads\/2025\/08\/Vet-Inspecting-Dogs-Paw-During-Exam-1280x720.webp 1280w, https:\/\/gvevets.com\/wp-content\/uploads\/2025\/08\/Vet-Inspecting-Dogs-Paw-During-Exam-980x551.webp 980w, https:\/\/gvevets.com\/wp-content\/uploads\/2025\/08\/Vet-Inspecting-Dogs-Paw-During-Exam-480x270.webp 480w\" sizes=\"(min-width: 0px) and (max-width: 480px) 480px, (min-width: 481px) and (max-width: 980px) 980px, (min-width: 981px) and (max-width: 1280px) 1280px, (min-width: 1281px) 1920px, 100vw\" class=\" skip-lazy\" \/><\/div><div class=\"swiper-slide dsm_image_carousel_item\"><img decoding=\"async\" src=\"https:\/\/gvevets.com\/wp-content\/uploads\/2025\/10\/Veterinary-Surgery-in-Progress.webp\" alt=\"Two veterinarians performing surgery on a pet using advanced medical equipment.\" title=\"Veterinary Surgery in Progress\" width=\"1920\" height=\"1080\" data-dsm-image-description=\"\" srcset=\"https:\/\/gvevets.com\/wp-content\/uploads\/2025\/10\/Veterinary-Surgery-in-Progress.webp 1920w, https:\/\/gvevets.com\/wp-content\/uploads\/2025\/10\/Veterinary-Surgery-in-Progress-1280x720.webp 1280w, https:\/\/gvevets.com\/wp-content\/uploads\/2025\/10\/Veterinary-Surgery-in-Progress-980x551.webp 980w, https:\/\/gvevets.com\/wp-content\/uploads\/2025\/10\/Veterinary-Surgery-in-Progress-480x270.webp 480w\" sizes=\"(min-width: 0px) and (max-width: 480px) 480px, (min-width: 481px) and (max-width: 980px) 980px, (min-width: 981px) and (max-width: 1280px) 1280px, (min-width: 1281px) 1920px, 100vw\" class=\" skip-lazy\" \/><\/div><div class=\"swiper-slide dsm_image_carousel_item\"><img decoding=\"async\" src=\"https:\/\/gvevets.com\/wp-content\/uploads\/2026\/03\/Closeup-of-Brown-and-White-Dog-Looking-Up.jpg\" alt=\"Close-up portrait of a brown and white dog\" title=\"Closeup-of-Brown-and-White-Dog-Looking-Up\" width=\"1920\" height=\"1080\" data-dsm-image-description=\"\" srcset=\"https:\/\/gvevets.com\/wp-content\/uploads\/2026\/03\/Closeup-of-Brown-and-White-Dog-Looking-Up.jpg 1920w, https:\/\/gvevets.com\/wp-content\/uploads\/2026\/03\/Closeup-of-Brown-and-White-Dog-Looking-Up-1280x720.jpg 1280w, https:\/\/gvevets.com\/wp-content\/uploads\/2026\/03\/Closeup-of-Brown-and-White-Dog-Looking-Up-980x551.jpg 980w, https:\/\/gvevets.com\/wp-content\/uploads\/2026\/03\/Closeup-of-Brown-and-White-Dog-Looking-Up-480x270.jpg 480w\" sizes=\"(min-width: 0px) and (max-width: 480px) 480px, (min-width: 481px) and (max-width: 980px) 980px, (min-width: 981px) and (max-width: 1280px) 1280px, (min-width: 1281px) 1920px, 100vw\" class=\" skip-lazy\" \/><\/div><\/div><\/div>\n\t\t\t\t<\/div>\n\t\t\t<\/div>Kom werken bij GVE Sluit je aan bij ons netwerk waar goede veterinaire zorg begint bij de mensen die het mogelijk maken. Bij GVE cre\u00ebren we een werkplek gebaseerd op samenwerking, vertrouwen en klinische expertise. Hier kun je groeien in je carri\u00e8re \u00e9n elke dag het verschil maken voor dieren, hun eigenaren en je collega\u2019s. Of je nu net bent afgestudeerd of al veel ervaring hebt, bij ons krijg je de ruimte om te groeien, en de ondersteuning om het beste uit jezelf te halen in een werkomgeving [&hellip;]<\/p>\n","protected":false},"author":2,"featured_media":260862,"parent":0,"menu_order":1,"comment_status":"closed","ping_status":"closed","template":"","meta":{"_et_pb_use_builder":"on","_et_pb_old_content":"","_et_gb_content_width":"","footnotes":"","_links_to":"","_links_to_target":""},"folder":[],"class_list":["post-38","page","type-page","status-publish","has-post-thumbnail","hentry"],"_links":{"self":[{"href":"https:\/\/gvevets.com\/en\/wp-json\/wp\/v2\/pages\/38","targetHints":{"allow":["GET"]}}],"collection":[{"href":"https:\/\/gvevets.com\/en\/wp-json\/wp\/v2\/pages"}],"about":[{"href":"https:\/\/gvevets.com\/en\/wp-json\/wp\/v2\/types\/page"}],"author":[{"embeddable":true,"href":"https:\/\/gvevets.com\/en\/wp-json\/wp\/v2\/users\/2"}],"replies":[{"embeddable":true,"href":"https:\/\/gvevets.com\/en\/wp-json\/wp\/v2\/comments?post=38"}],"version-history":[{"count":0,"href":"https:\/\/gvevets.com\/en\/wp-json\/wp\/v2\/pages\/38\/revisions"}],"wp:featuredmedia":[{"embeddable":true,"href":"https:\/\/gvevets.com\/en\/wp-json\/wp\/v2\/media\/260862"}],"wp:attachment":[{"href":"https:\/\/gvevets.com\/en\/wp-json\/wp\/v2\/media?parent=38"}],"wp:term":[{"taxonomy":"folder","embeddable":true,"href":"https:\/\/gvevets.com\/en\/wp-json\/wp\/v2\/folder?post=38"}],"curies":[{"name":"wp","href":"https:\/\/api.w.org\/{rel}","templated":true}]}}